{"id":75017,"date":"2018-04-23T14:36:51","date_gmt":"2018-04-23T14:36:51","guid":{"rendered":"http:\/\/alc.al\/sq\/?page_id=75017"},"modified":"2018-05-15T15:48:24","modified_gmt":"2018-05-15T15:48:24","slug":"transport-brendshem","status":"publish","type":"page","link":"https:\/\/alc.al\/sq\/transport-brendshem\/","title":{"rendered":"Transport i Brendshem"},"content":{"rendered":"<p>[vc_row][vc_column][vc_empty_space][\/vc_column][\/vc_row][vc_row][vc_column][vc_column_text]<img loading=\"lazy\" class=\"wp-image-75053 alignright\" src=\"https:\/\/alc.al\/sq\/wp-content\/uploads\/2018\/04\/Harta_NEW.png\" alt=\"\" width=\"499\" height=\"1073\" srcset=\"https:\/\/alc.al\/sq\/wp-content\/uploads\/2018\/04\/Harta_NEW.png 1800w, https:\/\/alc.al\/sq\/wp-content\/uploads\/2018\/04\/Harta_NEW-140x300.png 140w, https:\/\/alc.al\/sq\/wp-content\/uploads\/2018\/04\/Harta_NEW-768x1651.png 768w, https:\/\/alc.al\/sq\/wp-content\/uploads\/2018\/04\/Harta_NEW-476x1024.png 476w\" sizes=\"(max-width: 499px) 100vw, 499px\" \/><\/p>\n<h1><strong>Transport i Brendshem<\/strong><\/h1>\n<p>&nbsp;<\/p>\n<p><span style=\"font-weight: 400;\">Pavar\u00ebsisht madh\u00ebsis\u00eb s\u00eb ngarkes\u00ebs tuaj, apo sa shpejt ju duhet ta transportoni at\u00eb, ju gjithmon\u00eb mund t\u00eb mb\u00ebshteteni tek sh\u00ebrbimi yn\u00eb i transportit t\u00eb brendsh\u00ebm kudo n\u00eb Shqip\u00ebri.<\/span><\/p>\n<p><span style=\"font-weight: 400;\">Gama e gjer\u00eb e zgjidhjeve logjistike q\u00eb ofrojm\u00eb p\u00ebr transportin e mallrave tuaj, do t\u00eb b\u00ebj\u00eb q\u00eb \u00e7do ngarkes\u00eb e juaja t\u00eb dor\u00ebzohet dhe transportohet e sigurt dhe n\u00eb koh\u00eb kudo brenda qytetit dhe kudo n\u00eb Shqip\u00ebri.<\/span><\/p>\n<p><span style=\"font-weight: 400;\">Me d\u00ebrgesat tuaja, qofshin ato pako t\u00eb vogla apo ngarkesa t\u00eb m\u00ebdha t\u00eb cilat k\u00ebrkojn\u00eb kamion t\u00eb dedikuar, zgjedhja e sh\u00ebrbimit ton\u00eb p\u00ebr transportin e brendsh\u00ebm \u00ebsht\u00eb gjithmon\u00eb ajo e duhura.<\/span><\/p>\n<p><span style=\"font-weight: 400;\">A-Logistics ofron sh\u00ebrbimet baz\u00eb p\u00ebr \u00e7do ngarkes\u00eb tuaj\u00ebn duke p\u00ebrfshir\u00eb k\u00ebtu, magazinim, ngarkimin dhe shkarkimin e mallrave, transportin tok\u00ebsor t\u00eb ngarkesave si dhe shp\u00ebrndarje t\u00eb tyre n\u00eb koh\u00eb.<\/span><\/p>\n<p><span style=\"font-weight: 400;\">Dor\u00ebzim i ngarkesave n\u00eb destinacionin e tyre final brenda 24 or\u00ebve nga t\u00ebrheqja, duke iu n\u00ebnshtruar procedurave dhe proceseve t\u00eb cilat sigurojn\u00eb q\u00eb \u00e7do produkt i kategorive t\u00eb caktuara t\u00eb marri v\u00ebmendjen dhe p\u00ebrkushtimin e duhur n\u00eb transport.<\/span><\/p>\n<p><span style=\"font-weight: 400;\">P\u00ebr t\u00eb gjitha nevojat logjistike q\u00eb ju keni, ne ofrojm\u00eb zgjidhje t\u00eb p\u00ebrshtatura q\u00eb ndihmojn\u00eb efikasitetin e biznesit tuaj. Ofrimi i nj\u00eb sh\u00ebrbimi t\u00eb plot\u00eb nga ne, b\u00ebn q\u00eb t\u00eb arrihen rezultatet e d\u00ebshiruara n\u00eb koh\u00eb p\u00ebr \u00e7do ngarkes\u00eb e cila transportohet p\u00ebr ju n\u00eb t\u00eb gjith\u00eb Shqiperin\u00eb.<\/span><\/p>\n<p>&nbsp;<\/p>\n<p><span style=\"font-weight: 400;\">SH\u00cbRBIMET E SHPEJTA T\u00cb TRANSPORTIT T\u00cb BRENDSH\u00cbM<\/span><\/p>\n<p><span style=\"font-weight: 400;\">Sherbimi Ekspres<\/span><\/p>\n<p><span style=\"font-weight: 400;\">N\u00eb vijim t\u00eb sh\u00ebrbimeve me vler\u00eb t\u00eb shtuar q\u00eb ne ofrojm\u00eb t\u00eb cilat jan\u00eb t\u00eb organizuara p\u00ebr t\u2019iu p\u00ebrshtatur \u00e7do k\u00ebrkese t\u00eb biznesit tuaj, ofrimi i sh\u00ebrbimit ekspres i cili \u00ebsht\u00eb posa\u00e7\u00ebrisht i dizenjuar p\u00ebr dor\u00ebzime \u00a0brenda dit\u00ebs si dhe brenda 24 or\u00ebve, kudo n\u00eb adres\u00eb n\u00eb qytetet kryesore t\u00eb Shqip\u00ebris\u00eb.<\/span><\/p>\n<p><span style=\"font-weight: 400;\">N\u00eb A-Logistics ne jemi t\u00eb angazhuar n\u00eb sh\u00ebrbime t\u00eb cilat ofrojn\u00eb siguri si dhe t\u00eb orientuara drejt \u00e7mimeve t\u00eb arsyeshme. K\u00ebto sh\u00ebrbime menaxhohen nga nj\u00eb ekip i specializuar i cili vepron sipas normave dhe udh\u00ebzimeve t\u00eb k\u00ebsaj kategorie. T\u00eb gatsh\u00ebm ndaj \u00e7do k\u00ebrkese tuaj si dhe t\u00eb orientuar p\u00ebr t\u2019ju propozuar mjetin e duhur i cili do t\u00eb transportoj\u00eb \u00e7do ngarkes\u00eb tuaj\u00ebn brenda qytetit dhe Shqip\u00ebris\u00eb brenda koh\u00ebs.<\/span><\/p>\n<p><span style=\"font-weight: 400;\">Ky sh\u00ebrbim ofron dor\u00ebzimin der\u00eb-n\u00eb-der\u00eb p\u00ebr produktet tuaja t\u00eb cilat jan\u00eb t\u00eb ndjeshme p\u00ebr koh\u00ebn e dor\u00ebzimit dhe t\u00eb cilat duhen t\u00eb dor\u00ebzohen brenda qyteteve kryesore t\u00eb Shqip\u00ebris\u00eb.<\/span><\/p>\n<p><span style=\"font-weight: 400;\">Shpejt\u00ebsia dhe siguria, si dhe mbik\u00ebqyrja e \u00e7do k\u00ebrkese tuaj \u00ebsht\u00eb prioriteti yn\u00eb p\u00ebr t\u00eb ofruar zgjidhjen m\u00eb t\u00eb mir\u00eb dhe t\u00eb kenaq\u00ebshme p\u00ebr ju.<\/span><\/p>\n<p><span style=\"font-weight: 400;\">N\u00eb dispozicion t\u00eb k\u00ebrkesave tuaja, kompania ofron dhe ka n\u00eb p\u00ebrdorim mjete t\u00eb cilat jan\u00eb p\u00ebr transport t\u00eb shpejt\u00eb t\u00eb \u00e7do kategorie produkti industrial.<\/span><\/p>\n<p><span style=\"font-weight: 400;\">Sh\u00ebrbimi logjistik i ofruar mb\u00ebshtetet n\u00eb siguri, profesionaliz\u00ebm, zgjidhje t\u00eb personalizuara si dhe t\u00eb orientuar p\u00ebrher\u00eb drejt efektivitetit n\u00eb kosto dhe zbatimit n\u00eb koh\u00eb t\u00eb \u00e7do transporti kudo n\u00eb Shqip\u00ebri.<\/span><\/p>\n<p><span style=\"font-weight: 400;\">Gjithashtu A-Logistics ofron nj\u00eb gam\u00eb t\u00eb gjer\u00eb sh\u00ebrbimesh t\u00eb personalizuara logjistike t\u00eb cilat p\u00ebrfshijn\u00eb magazinimin, transportin multi-modal, transportin e mallrave grupazh (LTL), kamion\u00eb t\u00eb dedikuar (FTL) p\u00ebr \u00e7do k\u00ebrkes\u00eb tuaj\u00ebn si dhe sh\u00ebrbimet detare me konteniere dhe transportin ajror.<\/span><\/p>\n<p><span style=\"font-weight: 400;\">T\u00eb gjitha sh\u00ebrbimet e ofruara kryhen n\u00ebp\u00ebrmjet nj\u00eb flote mjetesh t\u00eb specializuara p\u00ebr \u00e7do transport i cili p\u00ebrmbush k\u00ebrkesat tuaja. <\/span><\/p>\n<p><span style=\"font-weight: 400;\">N\u00eb A-Logistics asnj\u00eb detaj nuk lihet pas dhe gjithmon\u00eb sigurohemi q\u00eb sh\u00ebrbimi i ofruar t\u00eb jet\u00eb i duhuri, n\u00eb koh\u00eb, professional dhe konkurues.<\/span><\/p>\n<p>&nbsp;<\/p>\n<p><span style=\"font-weight: 400;\">SHERBIMI I TRANSPORTIT TE BRENDSHEM<\/span><\/p>\n<p><span style=\"font-weight: 400;\">Menaxhoni ngarkesat tuaja t\u00eb vogla me furgon\u00ebt tan\u00eb:<\/span><\/p>\n<p><span style=\"font-weight: 400;\">P\u00ebr t\u00edu p\u00ebrgjigjur sa m\u00eb mir\u00eb k\u00ebrkesave dhe nevojave t\u00eb biznesit, n\u00eb sh\u00ebrbim tuaj jan\u00eb furgonet t\u00eb p\u00ebrshtatsh\u00ebm p\u00ebr kryerjen e \u00e7do transporti t\u00eb ngarkesave t\u00eb vogla, shpejt dhe sigurt kudo brenda qytetit dhe Shqip\u00ebris\u00eb.<\/span><\/p>\n<p>&nbsp;<\/p>\n<p><span style=\"font-weight: 400;\">Transporti i brendsh\u00ebm i ngarkesave grupazh (LTL):<\/span><\/p>\n<p><span style=\"font-weight: 400;\">P\u00ebr ngarkesat tuaja t\u00eb cilat kan\u00eb nj\u00eb volum m\u00eb t\u00eb madh dhe \u00a0nuk mund t\u00eb transportohen me mjete t\u00eb vogla t\u00eb dedikuara, ofrimi i sh\u00ebrbimit me kamion\u00ebt e rrjetit ton\u00eb t\u00eb brendsh\u00ebm, mund\u00ebson uljen e kostove. Ngarkesa juaj do t\u00eb jet\u00eb e konsoliduar s\u00eb bashku me ngarkesa t\u00eb tjera duke b\u00ebr\u00eb t\u00eb mundur uljen e kostove dhe dorezimin e saj n\u00eb destinacionin e d\u00ebshiruar.<\/span><\/p>\n<p>&nbsp;<\/p>\n<p><span style=\"font-weight: 400;\">Transporti i brendsh\u00ebm me kamion\u00eb t\u00eb dedikuar (FTL):<\/span><\/p>\n<p><span style=\"font-weight: 400;\">Ofrimi i sh\u00ebrbimit me kamion\u00eb t\u00eb dedikuar t\u00eb cil\u00ebt jan\u00eb t\u00eb p\u00ebrshtatsh\u00ebm p\u00ebr mallra voluminoze dhe mund t\u00eb p\u00ebrmbushin \u00e7do nevoj\u00eb tuaj\u00ebn. Ky sh\u00ebrbim ofrohet n\u00ebp\u00ebrmjet kamion\u00ebve tan\u00eb t\u00eb cil\u00ebt kan\u00eb nj\u00eb kubature prej 120 m<\/span><span style=\"font-weight: 400;\">3<\/span><span style=\"font-weight: 400;\"> \u00a0t\u00eb p\u00ebrshtatsh\u00ebm p\u00ebr \u00e7do ngarkes\u00eb.<\/span>[\/vc_column_text][\/vc_column][\/vc_row][vc_row][vc_column][vc_empty_space][\/vc_column][\/vc_row][vc_row content_placement=&#8221;middle&#8221;][vc_column]<div class=\"cq-dagallery-container\" style=\"width:100%;margin:0 auto;\"><ul class=\"cq-dagallery\" data-gallerywidth=\"100%\" data-width=\"220\" data-height=\"149\" data-color=\"#ffffff\" data-background=\"#cf0917\" data-opacity=\"0.8\"><li class=\"\" data-width=\"220\" data-height=\"149\" data-margin=\"2px\" style=\"margin:2px\"><a class=\"normal\" href=\"https:\/\/alc.al\/sq\/wp-content\/uploads\/2018\/05\/IMG_5118s.png\" rel=\"7501787\"><img src='https:\/\/alc.al\/sq\/wp-content\/uploads\/2018\/05\/IMG_5118s-440x293.png' width='220' height='149' \/><\/a><div class=\"dagallery-info\" style=\"padding:20px;color:#ffffff;background-color:#cf0917\"><\/div><\/li><li class=\"\" data-width=\"220\" data-height=\"149\" data-margin=\"2px\" style=\"margin:2px\"><a class=\"normal\" href=\"https:\/\/alc.al\/sq\/wp-content\/uploads\/2018\/05\/IMG_5122241.png\" rel=\"7501787\"><img src='https:\/\/alc.al\/sq\/wp-content\/uploads\/2018\/05\/IMG_5122241-440x293.png' width='220' height='149' \/><\/a><div class=\"dagallery-info\" style=\"padding:20px;color:#ffffff;background-color:#cf0917\"><\/div><\/li><li class=\"\" data-width=\"220\" data-height=\"149\" data-margin=\"2px\" style=\"margin:2px\"><a class=\"normal\" href=\"https:\/\/alc.al\/sq\/wp-content\/uploads\/2018\/05\/IMG_518sss3.png\" rel=\"7501787\"><img src='https:\/\/alc.al\/sq\/wp-content\/uploads\/2018\/05\/IMG_518sss3-440x293.png' width='220' height='149' \/><\/a><div class=\"dagallery-info\" style=\"padding:20px;color:#ffffff;background-color:#cf0917\"><\/div><\/li><li class=\"\" data-width=\"220\" data-height=\"149\" data-margin=\"2px\" style=\"margin:2px\"><a class=\"normal\" href=\"https:\/\/alc.al\/sq\/wp-content\/uploads\/2018\/05\/IMG_5217232.png\" rel=\"7501787\"><img src='https:\/\/alc.al\/sq\/wp-content\/uploads\/2018\/05\/IMG_5217232-440x293.png' width='220' height='149' \/><\/a><div class=\"dagallery-info\" style=\"padding:20px;color:#ffffff;background-color:#cf0917\"><\/div><\/li><li class=\"\" data-width=\"220\" data-height=\"149\" data-margin=\"2px\" style=\"margin:2px\"><a class=\"normal\" href=\"https:\/\/alc.al\/sq\/wp-content\/uploads\/2018\/05\/IMG_519sss6.png\" rel=\"7501787\"><img src='https:\/\/alc.al\/sq\/wp-content\/uploads\/2018\/05\/IMG_519sss6-440x293.png' width='220' height='149' \/><\/a><div class=\"dagallery-info\" style=\"padding:20px;color:#ffffff;background-color:#cf0917\"><\/div><\/li><\/ul><\/div>[vc_empty_space][\/vc_column][\/vc_row]<\/p>\n","protected":false},"excerpt":{"rendered":"<p>[vc_row][vc_column][vc_empty_space][\/vc_column][\/vc_row][vc_row][vc_column][vc_column_text] Transport i Brendshem &nbsp; Pavar\u00ebsisht madh\u00ebsis\u00eb s\u00eb ngarkes\u00ebs tuaj, apo sa shpejt ju duhet ta transportoni at\u00eb, ju gjithmon\u00eb [&hellip;]<\/p>\n","protected":false},"author":1,"featured_media":0,"parent":0,"menu_order":0,"comment_status":"closed","ping_status":"closed","template":"","meta":[],"_links":{"self":[{"href":"https:\/\/alc.al\/sq\/wp-json\/wp\/v2\/pages\/75017"}],"collection":[{"href":"https:\/\/alc.al\/sq\/wp-json\/wp\/v2\/pages"}],"about":[{"href":"https:\/\/alc.al\/sq\/wp-json\/wp\/v2\/types\/page"}],"author":[{"embeddable":true,"href":"https:\/\/alc.al\/sq\/wp-json\/wp\/v2\/users\/1"}],"replies":[{"embeddable":true,"href":"https:\/\/alc.al\/sq\/wp-json\/wp\/v2\/comments?post=75017"}],"version-history":[{"count":56,"href":"https:\/\/alc.al\/sq\/wp-json\/wp\/v2\/pages\/75017\/revisions"}],"predecessor-version":[{"id":75278,"href":"https:\/\/alc.al\/sq\/wp-json\/wp\/v2\/pages\/75017\/revisions\/75278"}],"wp:attachment":[{"href":"https:\/\/alc.al\/sq\/wp-json\/wp\/v2\/media?parent=75017"}],"curies":[{"name":"wp","href":"https:\/\/api.w.org\/{rel}","templated":true}]}}