{"id":74840,"date":"2017-12-11T11:41:24","date_gmt":"2017-12-11T11:41:24","guid":{"rendered":"http:\/\/alc.al\/sq\/?page_id=74840"},"modified":"2018-05-11T14:48:54","modified_gmt":"2018-05-11T14:48:54","slug":"pjesshem","status":"publish","type":"page","link":"https:\/\/alc.al\/sq\/sherbime-standarte\/transport-tokesor\/pjesshem\/","title":{"rendered":"I pjesshem"},"content":{"rendered":"<div class=\"page\" title=\"Page 2\">\n<div class=\"section\">\n<div class=\"layoutArea\">\n<div class=\"column\">\n<p><img loading=\"lazy\" class=\"alignnone wp-image-75051 size-full\" src=\"https:\/\/alc.al\/sq\/wp-content\/uploads\/2018\/04\/ltl3-1.png\" alt=\"\" width=\"1194\" height=\"514\" srcset=\"https:\/\/alc.al\/sq\/wp-content\/uploads\/2018\/04\/ltl3-1.png 1194w, https:\/\/alc.al\/sq\/wp-content\/uploads\/2018\/04\/ltl3-1-300x129.png 300w, https:\/\/alc.al\/sq\/wp-content\/uploads\/2018\/04\/ltl3-1-768x331.png 768w, https:\/\/alc.al\/sq\/wp-content\/uploads\/2018\/04\/ltl3-1-1024x441.png 1024w\" sizes=\"(max-width: 1194px) 100vw, 1194px\" \/><\/p>\n<p>&nbsp;<\/p>\n<p><span style=\"font-weight: 400;\">Me sh\u00ebrbimin ton\u00eb t\u00eb transportit te pjesshem tokesor ju paguani vet\u00ebm hap\u00ebsir\u00ebn e transportit q\u00eb ju nevojitet. Ne sigurojme nisje t\u00eb rregullta t\u00eb kamion\u00ebve dhe sigurojm\u00eb nepermjet rrjetit ton\u00eb t\u00eb shp\u00ebrndar\u00ebseve qe cdo dergese e juaja te arrij shpejt dhe sigurt ne cdo destinacion te kerkuar.<\/span><\/p>\n<p><span style=\"font-weight: 400;\">Merrni normat m\u00eb t\u00eb mira p\u00ebr transportin tuaj n\u00eb t\u00eb gjith\u00eb Europ\u00ebn me sh\u00ebrbimet tona efikase te transportit te pjesshem.<\/span><\/p>\n<p><span style=\"font-weight: 400;\">Transporti i pjessh\u00ebm i lejon ngarkesat qe t\u00eb ndajn\u00eb hap\u00ebsir\u00ebn me t\u00eb tjer\u00ebt n\u00eb kamion\u00eb t\u00eb m\u00ebdhenj sipas destinacioneve te vendosura, duke zvog\u00ebluar kostot \u00a0dhe duke marr\u00eb d\u00ebrgesat n\u00eb destinacionet e tyre shpejt dhe n\u00eb m\u00ebnyr\u00eb efektive.<\/span><\/p>\n<p><span style=\"font-weight: 400;\">Organizimi i optimizuar i sh\u00ebrbimeve t\u00eb transportit b\u00ebhet p\u00ebrmes nj\u00eb rrjeti t\u00eb gjer\u00eb t\u00eb kompanive transportuese dhe rrjetit tone te konsoliduar te partnereve.<\/span><\/p>\n<p><span style=\"font-weight: 400;\">Sherbimi I transportit te pjesshem tokesor ofron avantazhet si me poshte:<\/span><\/p>\n<ul>\n<li><span style=\"font-weight: 400;\"> M\u00eb shum\u00eb efektivitet ne kosto se sa transportet \u00a0ajrore ose detare <\/span><\/li>\n<li><span style=\"font-weight: 400;\">M\u00ebnyra m\u00eb e mir\u00eb e transportimit p\u00ebr d\u00ebrgesat e v\u00ebllimit t\u00eb vog\u00ebl<\/span><\/li>\n<li><span style=\"font-weight: 400;\">Transport fleksib\u00ebl te cdo dergese.<\/span><\/li>\n<\/ul>\n<\/div>\n<\/div>\n<\/div>\n<\/div>\n<p>&nbsp;<\/p>\n","protected":false},"excerpt":{"rendered":"<p>&nbsp; Me sh\u00ebrbimin ton\u00eb t\u00eb transportit te pjesshem tokesor ju paguani vet\u00ebm hap\u00ebsir\u00ebn e transportit q\u00eb ju nevojitet. Ne sigurojme [&hellip;]<\/p>\n","protected":false},"author":1,"featured_media":0,"parent":74693,"menu_order":0,"comment_status":"closed","ping_status":"closed","template":"","meta":[],"_links":{"self":[{"href":"https:\/\/alc.al\/sq\/wp-json\/wp\/v2\/pages\/74840"}],"collection":[{"href":"https:\/\/alc.al\/sq\/wp-json\/wp\/v2\/pages"}],"about":[{"href":"https:\/\/alc.al\/sq\/wp-json\/wp\/v2\/types\/page"}],"author":[{"embeddable":true,"href":"https:\/\/alc.al\/sq\/wp-json\/wp\/v2\/users\/1"}],"replies":[{"embeddable":true,"href":"https:\/\/alc.al\/sq\/wp-json\/wp\/v2\/comments?post=74840"}],"version-history":[{"count":9,"href":"https:\/\/alc.al\/sq\/wp-json\/wp\/v2\/pages\/74840\/revisions"}],"predecessor-version":[{"id":75276,"href":"https:\/\/alc.al\/sq\/wp-json\/wp\/v2\/pages\/74840\/revisions\/75276"}],"up":[{"embeddable":true,"href":"https:\/\/alc.al\/sq\/wp-json\/wp\/v2\/pages\/74693"}],"wp:attachment":[{"href":"https:\/\/alc.al\/sq\/wp-json\/wp\/v2\/media?parent=74840"}],"curies":[{"name":"wp","href":"https:\/\/api.w.org\/{rel}","templated":true}]}}