{"id":74686,"date":"2017-12-04T16:43:16","date_gmt":"2017-12-04T16:43:16","guid":{"rendered":"http:\/\/alc.al\/sq\/?page_id=74686"},"modified":"2018-05-15T15:49:12","modified_gmt":"2018-05-15T15:49:12","slug":"prezantimi-kompanise","status":"publish","type":"page","link":"https:\/\/alc.al\/sq\/prezantimi-kompanise\/","title":{"rendered":"Prezantimi i Kompanise"},"content":{"rendered":"<div class=\"page\" title=\"Page 1\">\n<div class=\"section\">\n<div class=\"layoutArea\">\n<div class=\"column\">\n<p><img loading=\"lazy\" class=\"alignnone size-full wp-image-74996\" src=\"https:\/\/alc.al\/sq\/wp-content\/uploads\/2018\/03\/alc-map.png\" alt=\"\" width=\"1872\" height=\"640\" srcset=\"https:\/\/alc.al\/sq\/wp-content\/uploads\/2018\/03\/alc-map.png 1872w, https:\/\/alc.al\/sq\/wp-content\/uploads\/2018\/03\/alc-map-300x103.png 300w, https:\/\/alc.al\/sq\/wp-content\/uploads\/2018\/03\/alc-map-768x263.png 768w, https:\/\/alc.al\/sq\/wp-content\/uploads\/2018\/03\/alc-map-1024x350.png 1024w\" sizes=\"(max-width: 1872px) 100vw, 1872px\" \/><\/p>\n<p><span style=\"font-weight: 400;\">A-Logistics Company \u00ebsht\u00eb nj\u00eb kompani e vendosur n\u00eb Tiran\u00eb, e cila ofron sh\u00ebrbime t\u00eb plota logjistike.<\/span><\/p>\n<p><span style=\"font-weight: 400;\">N\u00eb A-Logistics, ne q\u00ebndrojm\u00eb krenar dhe t\u00eb p\u00ebrkushtuar n\u00eb sh\u00ebrbimin q\u00eb ofrojm\u00eb mbi konkurent\u00ebt t\u00eb cil\u00ebt ofrojn\u00eb sh\u00ebrbime logjistike. Kombinimi unik midis eksperienc\u00ebs sh\u00ebrbimit dhe teknologjis\u00eb na lejon ne q\u00eb t\u00eb ofrojm\u00eb sh\u00ebrbime cil\u00ebsore dhe t\u00eb besueshme.<\/span><\/p>\n<p><span style=\"font-weight: 400;\">T\u00eb gatsh\u00ebm dhe t\u00eb p\u00ebrgjegjsh\u00ebm p\u00ebr \u00e7do ngarkes\u00eb tuaj\u00ebn, duke organizuar t\u00ebrheqjen dhe dor\u00ebzimin e ngarkesave n\u00eb koh\u00eb. N\u00eb kontakt t\u00eb vazhduesh\u00ebm me klient\u00ebt dhe furnitor\u00ebt p\u00ebr nj\u00eb transport t\u00eb shpejt\u00eb dhe t\u00eb sigurt si dhe organizimin e transportit sipas \u00e7do informacioni q\u00eb merret p\u00ebr ngarkes\u00ebn. Kjo metod\u00eb pune na lejon q\u00eb t\u00eb kemi p\u00ebrher\u00eb nj\u00eb p\u00ebrzgjedhje t\u00eb duhur t\u00eb mjeteve t\u00eb cilat kryejn\u00eb transportin e ngarkesave tuaja n\u00eb koh\u00ebn m\u00eb t\u00eb shpejt\u00eb.<\/span><\/p>\n<p><span style=\"font-weight: 400;\">Partneriteti yn\u00eb me kompani vendase dhe t\u00eb huaja na mund\u00ebson t\u00eb mb\u00ebshtesim \u00e7do k\u00ebrkes\u00eb dhe nevoj\u00eb tuaj\u00ebn p\u00ebr sh\u00ebrbime logjistike t\u00eb brend\u00ebshme dhe internacionale n\u00ebp\u00ebrmjet transportit rrugor, detar dhe ajror. Gjithashtu jemi t\u00eb specializuar dhe ofrojm\u00eb sh\u00ebrbime magazinimi.<\/span><\/p>\n<p><span style=\"font-weight: 400;\">N\u00eb sh\u00ebrbimin tuaj, \u00e7do person i stafit do t\u00eb siguroj\u00eb dhe dedikohet ngarkes\u00ebs tuaj p\u00ebr organizimin e t\u00ebrheqjes s\u00eb saj n\u00eb m\u00ebnyr\u00ebn m\u00eb t\u00eb mir\u00eb t\u00eb mund\u00ebshme.<\/span><\/p>\n<p><span style=\"font-weight: 400;\">Flota e mjeteve \u00ebsht\u00eb e monitoruar n\u00eb m\u00ebnyr\u00eb konstante me q\u00ebllim optimizimin dhe efikasitetin e transportit q\u00eb kryhet, duke procesuar t\u00eb dh\u00ebna statistikore p\u00ebr ngarkesat. Fal\u00eb t\u00eb dh\u00ebnave q\u00eb mbledhim dhe p\u00ebrpunojm\u00eb n\u00eb nj\u00eb baz\u00eb ditore, ne sigurohemi q\u00eb organizimi dhe transporti \u00a0i mallrave t\u00eb kryhet n\u00eb koh\u00eb dhe me rezultatet e k\u00ebrkuara.<\/span><\/p>\n<\/div>\n<\/div>\n<\/div>\n<\/div>\n","protected":false},"excerpt":{"rendered":"<p>A-Logistics Company \u00ebsht\u00eb nj\u00eb kompani e vendosur n\u00eb Tiran\u00eb, e cila ofron sh\u00ebrbime t\u00eb plota logjistike. N\u00eb A-Logistics, ne q\u00ebndrojm\u00eb [&hellip;]<\/p>\n","protected":false},"author":1,"featured_media":0,"parent":0,"menu_order":0,"comment_status":"closed","ping_status":"closed","template":"","meta":[],"_links":{"self":[{"href":"https:\/\/alc.al\/sq\/wp-json\/wp\/v2\/pages\/74686"}],"collection":[{"href":"https:\/\/alc.al\/sq\/wp-json\/wp\/v2\/pages"}],"about":[{"href":"https:\/\/alc.al\/sq\/wp-json\/wp\/v2\/types\/page"}],"author":[{"embeddable":true,"href":"https:\/\/alc.al\/sq\/wp-json\/wp\/v2\/users\/1"}],"replies":[{"embeddable":true,"href":"https:\/\/alc.al\/sq\/wp-json\/wp\/v2\/comments?post=74686"}],"version-history":[{"count":15,"href":"https:\/\/alc.al\/sq\/wp-json\/wp\/v2\/pages\/74686\/revisions"}],"predecessor-version":[{"id":75279,"href":"https:\/\/alc.al\/sq\/wp-json\/wp\/v2\/pages\/74686\/revisions\/75279"}],"wp:attachment":[{"href":"https:\/\/alc.al\/sq\/wp-json\/wp\/v2\/media?parent=74686"}],"curies":[{"name":"wp","href":"https:\/\/api.w.org\/{rel}","templated":true}]}}